{"id":13,"date":"2011-10-25T18:08:29","date_gmt":"2011-10-25T16:08:29","guid":{"rendered":"http:\/\/127.0.0.1\/montannispolecnost_cz\/?page_id=13"},"modified":"2024-04-08T19:31:27","modified_gmt":"2024-04-08T17:31:27","slug":"dul-skalka","status":"publish","type":"page","link":"https:\/\/www.montannispolecnost.cz\/?page_id=13","title":{"rendered":"D\u016fl Skalka"},"content":{"rendered":"<h3>Historie a sou\u010dasnost<\/h3>\n<p>Historie t\u011b\u017eby \u017eelezn\u00fdch rud na lo\u017eisku Skalka u Mn\u00ed\u0161ku pod Brdy sah\u00e1 do d\u00e1vn\u00e9 minulosti. Jako prvn\u00ed zde kutali n\u00edzkoprocentn\u00ed oolitickou krevelovou rudu ji\u017e Keltov\u00e9. Nejednalo se samoz\u0159ejm\u011b o hlubinou t\u011b\u017ebu, ruda byla v\u011bt\u0161inou t\u011b\u017eena pouze na v\u00fdchozech &#8211; takzvan\u00fd \u201e\u017eelezn\u00fd klobouk\u201c.<\/p>\n<p>Prvn\u00ed dolo\u017een\u00e1 p\u00edsemnost t\u00fdkaj\u00edc\u00ed se hlubinn\u00e9 t\u011b\u017eby poch\u00e1z\u00ed z roku 1746. Z t\u00e9to doby existuje i dochovan\u00e1 d\u016fln\u00ed mapa, na kter\u00e9 je ji\u017e zachycena j\u00e1ma sv. Anton\u00edna Padu\u00e1nsk\u00e9ho s pom\u011brn\u011b velk\u00fdm rozf\u00e1r\u00e1n\u00edm lo\u017eiska a s vyzna\u010den\u00fdmi d\u016fln\u00edmi budovami na povrchu, z \u010deho\u017e vypl\u00fdv\u00e1, \u017ee t\u011b\u017eba byla zah\u00e1jena ji\u017e d\u00e1vno p\u0159ed t\u00edmto datem. V\u00fdznamn\u00fdm vlastn\u00edkem se pozd\u011bji stala c\u00edsa\u0159ovna Marie Terezie podle kter\u00e9 bylo d\u00edlo pojmenov\u00e1no \u201eD\u016fl jej\u00edho veli\u010denstva Marie Teresie. Stejnojmenn\u00e1 t\u011b\u017en\u00ed j\u00e1ma se z \u010d\u00e1sti dochovala dodnes. Pozd\u011bji d\u016fln\u00ed provoz pat\u0159il hrab\u011bti Collredo-Mannsfeldovi. Vyt\u011b\u017een\u00e1 ruda byla odv\u00e1\u017eena povozy do Star\u00e9 Huti u Dob\u0159\u00ed\u0161e a d\u00e1le zpracov\u00e1v\u00e1na na surov\u00e9 \u017eelezo. Lo\u017eisko tehdy bylo otev\u0159eno n\u011bkolika \u00favodn\u00edmi d\u00edly: \u0161ikm\u00e1 j\u00e1ma Terezka, \u0161achta Bernardy a \u0161tola Emilka. D\u016fl pracoval s r\u016fzn\u00fdmi p\u0159est\u00e1vkami zp\u016fsoben\u00fdmi pohybem cen \u017eeleza na trhu a\u017e do obdob\u00ed Prvn\u00ed republiky kdy nad t\u011b\u017ebou p\u0159eb\u00edr\u00e1 spr\u00e1vu \u017divnostensk\u00e1 banka. Ta jej roku 1938 prod\u00e1v\u00e1 jedn\u00e9 z nejv\u011bt\u0161\u00edch tehdej\u0161\u00edch t\u011b\u017eebn\u00edch organizac\u00ed Pra\u017esk\u00e9 \u017eelez\u00e1\u0159sk\u00e9 spole\u010dnosti. P\u017dS registruje d\u00edlo Skalka jako sv\u016fj d\u016fl \u010d. XIV, zahajuje okam\u017eit\u011b systematick\u00fd pr\u016fzkum a lo\u017eisko otev\u00edr\u00e1 p\u0159\u00edpravn\u00fdmi pracemi a\u017e na 18. patro nov\u00fdm \u00faklonn\u00fdm hlouben\u00edm. B\u011bhem tohoto obdob\u00ed prob\u00edhaly rozs\u00e1hl\u00e9 adaptace \u00favodn\u00edch d\u011bl a jam (j\u00e1ma Terezie, \u0161achta Josef ). D\u00edky zv\u00fd\u0161en\u00e9 pot\u0159eb\u011b \u017eeleza b\u011bhem II. sv\u011btov\u00e9 v\u00e1lky se na lo\u017eisku prudce zintenziv\u0148ovala t\u011b\u017eba. Byli p\u0159ij\u00edm\u00e1ni nov\u00ed zam\u011bstnanci a n\u011bkter\u00e1 d\u00edla byla nov\u011b vystrojena. D\u00e1le se razilo n\u011bkolik nov\u00fdch kom\u00edn\u016f pro gravita\u010dn\u00ed dopravu rubaniny a vylep\u0161en\u00ed v\u011btr\u00e1n\u00ed.<\/p>\n<p>Nejv\u011bt\u0161\u00edho rozmachu se d\u016fl do\u010dkal v pov\u00e1le\u010dn\u00fdch letech, kdy po zn\u00e1rodn\u011bn\u00ed bylo jasn\u00e9, \u017ee na\u0161e hospod\u00e1\u0159stv\u00ed bude pot\u0159ebovat tis\u00edce tun oceli. Tato \u201eocelov\u00e1 hore\u010dka\u201c se citeln\u011b dotkla nejen dolu, ale i m\u011bste\u010dka Mn\u00ed\u0161ku, jeho n\u00e1sledn\u00e9ho prudk\u00e9ho rozvoje a soci\u00e1ln\u00edch pom\u011br\u016f. V bl\u00edzkosti m\u011bsta byl vybudov\u00e1n nov\u00fd rozs\u00e1hl\u00fd komplex zpracovatelsk\u00e9ho z\u00e1vodu na zhrudkov\u00e1n\u00ed n\u00edzkoprocentn\u00ed \u017eelezn\u00e9 rudy &#8211; dne\u0161n\u00ed Kovohut\u011b Mn\u00ed\u0161ek. Postupn\u011b doch\u00e1z\u00ed k likvidaci star\u00e9ho d\u016fln\u00edho provozu pod Skalkou, z n\u011bho\u017e funk\u010dn\u00ed z\u016fst\u00e1v\u00e1 pouze \u0161ikm\u00e9 I. hlouben\u00ed, kter\u00e9 po adaptaci dopravuje rudu z dob\u00fdvek na 16. patro. Roku 1953 je zah\u00e1jena ra\u017eba 1270 m dlouh\u00e9ho dopravn\u00edho p\u0159ekopu vedouc\u00edho do nov\u00e9ho zpracovatelsk\u00e9ho z\u00e1vodu. D\u00e1le bylo zapo\u010dato z p\u0159\u00edpravn\u00fdmi pracemi, kter\u00e9 lo\u017eisko otev\u0159ely na 28. patro a vyhloubena Slep\u00e1 j\u00e1ma, jej\u00ed\u017e 36.patro dosahuje hloubky 120 m pod povrchem. Roku 1956 je spu\u0161t\u011bna mechanizovan\u00e1 t\u011b\u017eba za pomoci pneumatick\u00fdch naklada\u010d\u016f zaji\u0161\u0165uj\u00edc\u00ed nep\u0159etr\u017eit\u00fd p\u0159\u00edsun vyruban\u00e9ho materi\u00e1lu k hrudkovac\u00edm pec\u00edm po dobu 10 let.<\/p>\n<p>Po roce 1966 je lo\u017eisko vyt\u011b\u017eeno a dal\u0161\u00ed pr\u00e1ce jsou v podstat\u011b nerentabiln\u00ed. Je\u0161t\u011b dlouho po ukon\u010den\u00ed t\u011b\u017eby na povrchu pod h\u0159ebenem Skalka prob\u00edhaly rekultiva\u010dn\u00ed pr\u00e1ce. Dnes pod vzrostl\u00fdmi stromy oko nezasv\u011bcen\u00e9ho n\u00e1v\u0161t\u011bvn\u00edka ani nezaznamen\u00e1, \u017ee zde prob\u00edhala po dobu t\u00e9m\u011b\u0159 200 let intenzivn\u00ed rozs\u00e1hl\u00e1 d\u016fln\u00ed \u010dinnost. V sou\u010dasnosti je d\u00edlo stabiln\u00ed bez ne\u017e\u00e1douc\u00edch projev\u016f na povrchu.<\/p>\n<p>Na podzim r. 2004 zah\u00e1jila Mont\u00e1nn\u00ed spole\u010dnost \u2013 spole\u010dnost pro studium, dokumentaci a ochranu technick\u00fdch pam\u00e1tek b\u00e1\u0148sk\u00e9 historie, pr\u00e1ce sm\u011b\u0159uj\u00edc\u00ed ke zp\u0159\u00edstupn\u011bn\u00ed \u010d\u00e1sti \u00favodn\u00edch d\u011bl ve\u0159ejnosti a dala tak vzniknout jedine\u010dn\u00e9mu hornick\u00e9mu muzeu. Jedn\u00e1 se o unik\u00e1tn\u00ed technick\u00e9 d\u00edlo z devades\u00e1ti procent zaji\u0161t\u011bn\u00e9 valen\u00fdmi klenbami betonov\u00e9 v\u00fdztu\u017ee typu Neubauer, kter\u00e9 sv\u00fdm rozsahem a architektonickou zaj\u00edmavost\u00ed nem\u00e1 u n\u00e1s obdoby.<\/p>\n<p>V\u011b\u0159\u00edme, \u017ee obrovsk\u00fd entuziasmus pracovn\u00edk\u016f Mont\u00e1nn\u00ed spole\u010dnosti, kte\u0159\u00ed ve\u0161ker\u00e9 n\u00e1ro\u010dn\u00e9 pr\u00e1ce prov\u00e1d\u011bj\u00ed bez jak\u00e9koli odm\u011bny vydr\u017e\u00ed a b\u011bhem kr\u00e1tk\u00e9 doby bude mo\u017en\u00e9 toto velmi zaj\u00edmav\u00e9 d\u00edlo nav\u0161t\u00edvit.<\/p>\n\n\t\t<style type=\"text\/css\">\n\t\t\t#gallery-1 {\n\t\t\t\tmargin: auto;\n\t\t\t}\n\t\t\t#gallery-1 .gallery-item {\n\t\t\t\tfloat: left;\n\t\t\t\tmargin-top: 10px;\n\t\t\t\ttext-align: center;\n\t\t\t\twidth: 33%;\n\t\t\t}\n\t\t\t#gallery-1 img {\n\t\t\t\tborder: 2px solid #cfcfcf;\n\t\t\t}\n\t\t\t#gallery-1 .gallery-caption {\n\t\t\t\tmargin-left: 0;\n\t\t\t}\n\t\t\t\/* see gallery_shortcode() in wp-includes\/media.php *\/\n\t\t<\/style>\n\t\t<div id='gallery-1' class='gallery galleryid-13 gallery-columns-3 gallery-size-thumbnail'><dl class='gallery-item'>\n\t\t\t<dt class='gallery-icon landscape'>\n\t\t\t\t<a href='https:\/\/www.montannispolecnost.cz\/wp-content\/uploads\/2011\/10\/01.jpg' title=\"\" data-rl_title=\"\" class=\"rl-gallery-link\" data-rl_caption=\"\" data-rel=\"lightbox-gallery-1\"><img width=\"150\" height=\"150\" src=\"https:\/\/www.montannispolecnost.cz\/wp-content\/uploads\/2011\/10\/01-150x150.jpg\" class=\"attachment-thumbnail size-thumbnail\" alt=\"\" loading=\"lazy\" \/><\/a>\n\t\t\t<\/dt><\/dl><dl class='gallery-item'>\n\t\t\t<dt class='gallery-icon portrait'>\n\t\t\t\t<a href='https:\/\/www.montannispolecnost.cz\/wp-content\/uploads\/2011\/10\/02.jpg' title=\"\" data-rl_title=\"\" class=\"rl-gallery-link\" data-rl_caption=\"\" data-rel=\"lightbox-gallery-1\"><img width=\"150\" height=\"150\" src=\"https:\/\/www.montannispolecnost.cz\/wp-content\/uploads\/2011\/10\/02-150x150.jpg\" class=\"attachment-thumbnail size-thumbnail\" alt=\"\" loading=\"lazy\" \/><\/a>\n\t\t\t<\/dt><\/dl><dl class='gallery-item'>\n\t\t\t<dt class='gallery-icon landscape'>\n\t\t\t\t<a href='https:\/\/www.montannispolecnost.cz\/wp-content\/uploads\/2011\/10\/03.jpg' title=\"\" data-rl_title=\"\" class=\"rl-gallery-link\" data-rl_caption=\"\" data-rel=\"lightbox-gallery-1\"><img width=\"150\" height=\"150\" src=\"https:\/\/www.montannispolecnost.cz\/wp-content\/uploads\/2011\/10\/03-150x150.jpg\" class=\"attachment-thumbnail size-thumbnail\" alt=\"\" loading=\"lazy\" \/><\/a>\n\t\t\t<\/dt><\/dl><br style=\"clear: both\" \/><dl class='gallery-item'>\n\t\t\t<dt class='gallery-icon portrait'>\n\t\t\t\t<a href='https:\/\/www.montannispolecnost.cz\/wp-content\/uploads\/2011\/10\/04.jpg' title=\"\" data-rl_title=\"\" class=\"rl-gallery-link\" data-rl_caption=\"\" data-rel=\"lightbox-gallery-1\"><img width=\"150\" height=\"150\" src=\"https:\/\/www.montannispolecnost.cz\/wp-content\/uploads\/2011\/10\/04-150x150.jpg\" class=\"attachment-thumbnail size-thumbnail\" alt=\"\" loading=\"lazy\" \/><\/a>\n\t\t\t<\/dt><\/dl><dl class='gallery-item'>\n\t\t\t<dt class='gallery-icon portrait'>\n\t\t\t\t<a href='https:\/\/www.montannispolecnost.cz\/wp-content\/uploads\/2011\/10\/05.jpg' title=\"\" data-rl_title=\"\" class=\"rl-gallery-link\" data-rl_caption=\"\" data-rel=\"lightbox-gallery-1\"><img width=\"150\" height=\"150\" src=\"https:\/\/www.montannispolecnost.cz\/wp-content\/uploads\/2011\/10\/05-150x150.jpg\" class=\"attachment-thumbnail size-thumbnail\" alt=\"\" loading=\"lazy\" \/><\/a>\n\t\t\t<\/dt><\/dl><dl class='gallery-item'>\n\t\t\t<dt class='gallery-icon portrait'>\n\t\t\t\t<a href='https:\/\/www.montannispolecnost.cz\/wp-content\/uploads\/2011\/10\/06.jpg' title=\"\" data-rl_title=\"\" class=\"rl-gallery-link\" data-rl_caption=\"\" data-rel=\"lightbox-gallery-1\"><img width=\"150\" height=\"150\" src=\"https:\/\/www.montannispolecnost.cz\/wp-content\/uploads\/2011\/10\/06-150x150.jpg\" class=\"attachment-thumbnail size-thumbnail\" alt=\"\" loading=\"lazy\" \/><\/a>\n\t\t\t<\/dt><\/dl><br style=\"clear: both\" \/><dl class='gallery-item'>\n\t\t\t<dt class='gallery-icon landscape'>\n\t\t\t\t<a href='https:\/\/www.montannispolecnost.cz\/wp-content\/uploads\/2011\/10\/07.jpg' title=\"\" data-rl_title=\"\" class=\"rl-gallery-link\" data-rl_caption=\"\" data-rel=\"lightbox-gallery-1\"><img width=\"150\" height=\"150\" src=\"https:\/\/www.montannispolecnost.cz\/wp-content\/uploads\/2011\/10\/07-150x150.jpg\" class=\"attachment-thumbnail size-thumbnail\" alt=\"\" loading=\"lazy\" \/><\/a>\n\t\t\t<\/dt><\/dl><dl class='gallery-item'>\n\t\t\t<dt class='gallery-icon landscape'>\n\t\t\t\t<a href='https:\/\/www.montannispolecnost.cz\/wp-content\/uploads\/2011\/10\/08.jpg' title=\"\" data-rl_title=\"\" class=\"rl-gallery-link\" data-rl_caption=\"\" data-rel=\"lightbox-gallery-1\"><img width=\"150\" height=\"150\" src=\"https:\/\/www.montannispolecnost.cz\/wp-content\/uploads\/2011\/10\/08-150x150.jpg\" class=\"attachment-thumbnail size-thumbnail\" alt=\"\" loading=\"lazy\" \/><\/a>\n\t\t\t<\/dt><\/dl><dl class='gallery-item'>\n\t\t\t<dt class='gallery-icon landscape'>\n\t\t\t\t<a href='https:\/\/www.montannispolecnost.cz\/wp-content\/uploads\/2011\/10\/09.jpg' title=\"\" data-rl_title=\"\" class=\"rl-gallery-link\" data-rl_caption=\"\" data-rel=\"lightbox-gallery-1\"><img width=\"150\" height=\"150\" src=\"https:\/\/www.montannispolecnost.cz\/wp-content\/uploads\/2011\/10\/09-150x150.jpg\" class=\"attachment-thumbnail size-thumbnail\" alt=\"\" loading=\"lazy\" \/><\/a>\n\t\t\t<\/dt><\/dl><br style=\"clear: both\" \/><dl class='gallery-item'>\n\t\t\t<dt class='gallery-icon portrait'>\n\t\t\t\t<a href='https:\/\/www.montannispolecnost.cz\/wp-content\/uploads\/2011\/10\/10.jpg' title=\"\" data-rl_title=\"\" class=\"rl-gallery-link\" data-rl_caption=\"\" data-rel=\"lightbox-gallery-1\"><img width=\"150\" height=\"150\" src=\"https:\/\/www.montannispolecnost.cz\/wp-content\/uploads\/2011\/10\/10-150x150.jpg\" class=\"attachment-thumbnail size-thumbnail\" alt=\"\" loading=\"lazy\" \/><\/a>\n\t\t\t<\/dt><\/dl><dl class='gallery-item'>\n\t\t\t<dt class='gallery-icon landscape'>\n\t\t\t\t<a href='https:\/\/www.montannispolecnost.cz\/wp-content\/uploads\/2011\/10\/11.jpg' title=\"\" data-rl_title=\"\" class=\"rl-gallery-link\" data-rl_caption=\"\" data-rel=\"lightbox-gallery-1\"><img width=\"150\" height=\"150\" src=\"https:\/\/www.montannispolecnost.cz\/wp-content\/uploads\/2011\/10\/11-150x150.jpg\" class=\"attachment-thumbnail size-thumbnail\" alt=\"\" loading=\"lazy\" \/><\/a>\n\t\t\t<\/dt><\/dl><dl class='gallery-item'>\n\t\t\t<dt class='gallery-icon landscape'>\n\t\t\t\t<a href='https:\/\/www.montannispolecnost.cz\/wp-content\/uploads\/2011\/10\/12.jpg' title=\"\" data-rl_title=\"\" class=\"rl-gallery-link\" data-rl_caption=\"\" data-rel=\"lightbox-gallery-1\"><img width=\"150\" height=\"150\" src=\"https:\/\/www.montannispolecnost.cz\/wp-content\/uploads\/2011\/10\/12-150x150.jpg\" class=\"attachment-thumbnail size-thumbnail\" alt=\"\" loading=\"lazy\" \/><\/a>\n\t\t\t<\/dt><\/dl><br style=\"clear: both\" \/><dl class='gallery-item'>\n\t\t\t<dt class='gallery-icon landscape'>\n\t\t\t\t<a href='https:\/\/www.montannispolecnost.cz\/wp-content\/uploads\/2011\/10\/13.jpg' title=\"\" data-rl_title=\"\" class=\"rl-gallery-link\" data-rl_caption=\"\" data-rel=\"lightbox-gallery-1\"><img width=\"150\" height=\"150\" src=\"https:\/\/www.montannispolecnost.cz\/wp-content\/uploads\/2011\/10\/13-150x150.jpg\" class=\"attachment-thumbnail size-thumbnail\" alt=\"\" loading=\"lazy\" \/><\/a>\n\t\t\t<\/dt><\/dl><dl class='gallery-item'>\n\t\t\t<dt class='gallery-icon landscape'>\n\t\t\t\t<a href='https:\/\/www.montannispolecnost.cz\/wp-content\/uploads\/2011\/10\/14.jpg' title=\"\" data-rl_title=\"\" class=\"rl-gallery-link\" data-rl_caption=\"\" data-rel=\"lightbox-gallery-1\"><img width=\"150\" height=\"150\" src=\"https:\/\/www.montannispolecnost.cz\/wp-content\/uploads\/2011\/10\/14-150x150.jpg\" class=\"attachment-thumbnail size-thumbnail\" alt=\"\" loading=\"lazy\" \/><\/a>\n\t\t\t<\/dt><\/dl><dl class='gallery-item'>\n\t\t\t<dt class='gallery-icon landscape'>\n\t\t\t\t<a href='https:\/\/www.montannispolecnost.cz\/wp-content\/uploads\/2011\/10\/15.jpg' title=\"\" data-rl_title=\"\" class=\"rl-gallery-link\" data-rl_caption=\"\" data-rel=\"lightbox-gallery-1\"><img width=\"150\" height=\"150\" src=\"https:\/\/www.montannispolecnost.cz\/wp-content\/uploads\/2011\/10\/15-150x150.jpg\" class=\"attachment-thumbnail size-thumbnail\" alt=\"\" loading=\"lazy\" \/><\/a>\n\t\t\t<\/dt><\/dl><br style=\"clear: both\" \/><dl class='gallery-item'>\n\t\t\t<dt class='gallery-icon landscape'>\n\t\t\t\t<a href='https:\/\/www.montannispolecnost.cz\/wp-content\/uploads\/2011\/10\/16.jpg' title=\"\" data-rl_title=\"\" class=\"rl-gallery-link\" data-rl_caption=\"\" data-rel=\"lightbox-gallery-1\"><img width=\"150\" height=\"150\" src=\"https:\/\/www.montannispolecnost.cz\/wp-content\/uploads\/2011\/10\/16-150x150.jpg\" class=\"attachment-thumbnail size-thumbnail\" alt=\"\" loading=\"lazy\" \/><\/a>\n\t\t\t<\/dt><\/dl><dl class='gallery-item'>\n\t\t\t<dt class='gallery-icon landscape'>\n\t\t\t\t<a href='https:\/\/www.montannispolecnost.cz\/wp-content\/uploads\/2011\/10\/17.jpg' title=\"\" data-rl_title=\"\" class=\"rl-gallery-link\" data-rl_caption=\"\" data-rel=\"lightbox-gallery-1\"><img width=\"150\" height=\"150\" src=\"https:\/\/www.montannispolecnost.cz\/wp-content\/uploads\/2011\/10\/17-150x150.jpg\" class=\"attachment-thumbnail size-thumbnail\" alt=\"\" loading=\"lazy\" \/><\/a>\n\t\t\t<\/dt><\/dl><dl class='gallery-item'>\n\t\t\t<dt class='gallery-icon landscape'>\n\t\t\t\t<a href='https:\/\/www.montannispolecnost.cz\/wp-content\/uploads\/2011\/10\/18.jpg' title=\"\" data-rl_title=\"\" class=\"rl-gallery-link\" data-rl_caption=\"\" data-rel=\"lightbox-gallery-1\"><img width=\"150\" height=\"150\" src=\"https:\/\/www.montannispolecnost.cz\/wp-content\/uploads\/2011\/10\/18-150x150.jpg\" class=\"attachment-thumbnail size-thumbnail\" alt=\"\" loading=\"lazy\" \/><\/a>\n\t\t\t<\/dt><\/dl><br style=\"clear: both\" \/><dl class='gallery-item'>\n\t\t\t<dt class='gallery-icon landscape'>\n\t\t\t\t<a href='https:\/\/www.montannispolecnost.cz\/wp-content\/uploads\/2011\/10\/19.jpg' title=\"\" data-rl_title=\"\" class=\"rl-gallery-link\" data-rl_caption=\"\" data-rel=\"lightbox-gallery-1\"><img width=\"150\" height=\"150\" src=\"https:\/\/www.montannispolecnost.cz\/wp-content\/uploads\/2011\/10\/19-150x150.jpg\" class=\"attachment-thumbnail size-thumbnail\" alt=\"\" loading=\"lazy\" \/><\/a>\n\t\t\t<\/dt><\/dl><dl class='gallery-item'>\n\t\t\t<dt class='gallery-icon portrait'>\n\t\t\t\t<a href='https:\/\/www.montannispolecnost.cz\/wp-content\/uploads\/2011\/10\/20.jpg' title=\"\" data-rl_title=\"\" class=\"rl-gallery-link\" data-rl_caption=\"\" data-rel=\"lightbox-gallery-1\"><img width=\"150\" height=\"150\" src=\"https:\/\/www.montannispolecnost.cz\/wp-content\/uploads\/2011\/10\/20-150x150.jpg\" class=\"attachment-thumbnail size-thumbnail\" alt=\"\" loading=\"lazy\" \/><\/a>\n\t\t\t<\/dt><\/dl><dl class='gallery-item'>\n\t\t\t<dt class='gallery-icon portrait'>\n\t\t\t\t<a href='https:\/\/www.montannispolecnost.cz\/wp-content\/uploads\/2011\/10\/21.jpg' title=\"\" data-rl_title=\"\" class=\"rl-gallery-link\" data-rl_caption=\"\" data-rel=\"lightbox-gallery-1\"><img width=\"150\" height=\"150\" src=\"https:\/\/www.montannispolecnost.cz\/wp-content\/uploads\/2011\/10\/21-150x150.jpg\" class=\"attachment-thumbnail size-thumbnail\" alt=\"\" loading=\"lazy\" \/><\/a>\n\t\t\t<\/dt><\/dl><br style=\"clear: both\" \/><dl class='gallery-item'>\n\t\t\t<dt class='gallery-icon landscape'>\n\t\t\t\t<a href='https:\/\/www.montannispolecnost.cz\/wp-content\/uploads\/2011\/10\/22.jpg' title=\"\" data-rl_title=\"\" class=\"rl-gallery-link\" data-rl_caption=\"\" data-rel=\"lightbox-gallery-1\"><img width=\"150\" height=\"150\" src=\"https:\/\/www.montannispolecnost.cz\/wp-content\/uploads\/2011\/10\/22-150x150.jpg\" class=\"attachment-thumbnail size-thumbnail\" alt=\"\" loading=\"lazy\" \/><\/a>\n\t\t\t<\/dt><\/dl><dl class='gallery-item'>\n\t\t\t<dt class='gallery-icon portrait'>\n\t\t\t\t<a href='https:\/\/www.montannispolecnost.cz\/wp-content\/uploads\/2011\/10\/23.jpg' title=\"\" data-rl_title=\"\" class=\"rl-gallery-link\" data-rl_caption=\"\" data-rel=\"lightbox-gallery-1\"><img width=\"150\" height=\"150\" src=\"https:\/\/www.montannispolecnost.cz\/wp-content\/uploads\/2011\/10\/23-150x150.jpg\" class=\"attachment-thumbnail size-thumbnail\" alt=\"\" loading=\"lazy\" \/><\/a>\n\t\t\t<\/dt><\/dl><dl class='gallery-item'>\n\t\t\t<dt class='gallery-icon portrait'>\n\t\t\t\t<a href='https:\/\/www.montannispolecnost.cz\/wp-content\/uploads\/2011\/10\/24.jpg' title=\"\" data-rl_title=\"\" class=\"rl-gallery-link\" data-rl_caption=\"\" data-rel=\"lightbox-gallery-1\"><img width=\"150\" height=\"150\" src=\"https:\/\/www.montannispolecnost.cz\/wp-content\/uploads\/2011\/10\/24-150x150.jpg\" class=\"attachment-thumbnail size-thumbnail\" alt=\"\" loading=\"lazy\" \/><\/a>\n\t\t\t<\/dt><\/dl><br style=\"clear: both\" \/><dl class='gallery-item'>\n\t\t\t<dt class='gallery-icon portrait'>\n\t\t\t\t<a href='https:\/\/www.montannispolecnost.cz\/wp-content\/uploads\/2011\/10\/27.jpg' title=\"\" data-rl_title=\"\" class=\"rl-gallery-link\" data-rl_caption=\"\" data-rel=\"lightbox-gallery-1\"><img width=\"150\" height=\"150\" src=\"https:\/\/www.montannispolecnost.cz\/wp-content\/uploads\/2011\/10\/27-150x150.jpg\" class=\"attachment-thumbnail size-thumbnail\" alt=\"\" loading=\"lazy\" \/><\/a>\n\t\t\t<\/dt><\/dl><dl class='gallery-item'>\n\t\t\t<dt class='gallery-icon portrait'>\n\t\t\t\t<a href='https:\/\/www.montannispolecnost.cz\/wp-content\/uploads\/2011\/10\/28.jpg' title=\"\" data-rl_title=\"\" class=\"rl-gallery-link\" data-rl_caption=\"\" data-rel=\"lightbox-gallery-1\"><img width=\"150\" height=\"150\" src=\"https:\/\/www.montannispolecnost.cz\/wp-content\/uploads\/2011\/10\/28-150x150.jpg\" class=\"attachment-thumbnail size-thumbnail\" alt=\"\" loading=\"lazy\" \/><\/a>\n\t\t\t<\/dt><\/dl><dl class='gallery-item'>\n\t\t\t<dt class='gallery-icon landscape'>\n\t\t\t\t<a href='https:\/\/www.montannispolecnost.cz\/wp-content\/uploads\/2011\/10\/29.jpg' title=\"\" data-rl_title=\"\" class=\"rl-gallery-link\" data-rl_caption=\"\" data-rel=\"lightbox-gallery-1\"><img width=\"150\" height=\"150\" src=\"https:\/\/www.montannispolecnost.cz\/wp-content\/uploads\/2011\/10\/29-150x150.jpg\" class=\"attachment-thumbnail size-thumbnail\" alt=\"\" loading=\"lazy\" \/><\/a>\n\t\t\t<\/dt><\/dl><br style=\"clear: both\" \/><dl class='gallery-item'>\n\t\t\t<dt class='gallery-icon landscape'>\n\t\t\t\t<a href='https:\/\/www.montannispolecnost.cz\/wp-content\/uploads\/2011\/10\/31.jpg' title=\"\" data-rl_title=\"\" class=\"rl-gallery-link\" data-rl_caption=\"\" data-rel=\"lightbox-gallery-1\"><img width=\"150\" height=\"150\" src=\"https:\/\/www.montannispolecnost.cz\/wp-content\/uploads\/2011\/10\/31-150x150.jpg\" class=\"attachment-thumbnail size-thumbnail\" alt=\"\" loading=\"lazy\" \/><\/a>\n\t\t\t<\/dt><\/dl><dl class='gallery-item'>\n\t\t\t<dt class='gallery-icon portrait'>\n\t\t\t\t<a href='https:\/\/www.montannispolecnost.cz\/wp-content\/uploads\/2011\/10\/32.jpg' title=\"\" data-rl_title=\"\" class=\"rl-gallery-link\" data-rl_caption=\"\" data-rel=\"lightbox-gallery-1\"><img width=\"150\" height=\"150\" src=\"https:\/\/www.montannispolecnost.cz\/wp-content\/uploads\/2011\/10\/32-150x150.jpg\" class=\"attachment-thumbnail size-thumbnail\" alt=\"\" loading=\"lazy\" \/><\/a>\n\t\t\t<\/dt><\/dl><dl class='gallery-item'>\n\t\t\t<dt class='gallery-icon landscape'>\n\t\t\t\t<a href='https:\/\/www.montannispolecnost.cz\/wp-content\/uploads\/2011\/10\/34.jpg' title=\"\" data-rl_title=\"\" class=\"rl-gallery-link\" data-rl_caption=\"\" data-rel=\"lightbox-gallery-1\"><img width=\"150\" height=\"150\" src=\"https:\/\/www.montannispolecnost.cz\/wp-content\/uploads\/2011\/10\/34-150x150.jpg\" class=\"attachment-thumbnail size-thumbnail\" alt=\"\" loading=\"lazy\" \/><\/a>\n\t\t\t<\/dt><\/dl><br style=\"clear: both\" \/><dl class='gallery-item'>\n\t\t\t<dt class='gallery-icon landscape'>\n\t\t\t\t<a href='https:\/\/www.montannispolecnost.cz\/wp-content\/uploads\/2011\/10\/35.jpg' title=\"\" data-rl_title=\"\" class=\"rl-gallery-link\" data-rl_caption=\"\" data-rel=\"lightbox-gallery-1\"><img width=\"150\" height=\"150\" src=\"https:\/\/www.montannispolecnost.cz\/wp-content\/uploads\/2011\/10\/35-150x150.jpg\" class=\"attachment-thumbnail size-thumbnail\" alt=\"\" loading=\"lazy\" \/><\/a>\n\t\t\t<\/dt><\/dl><dl class='gallery-item'>\n\t\t\t<dt class='gallery-icon portrait'>\n\t\t\t\t<a href='https:\/\/www.montannispolecnost.cz\/wp-content\/uploads\/2011\/10\/36.jpg' title=\"\" data-rl_title=\"\" class=\"rl-gallery-link\" data-rl_caption=\"\" data-rel=\"lightbox-gallery-1\"><img width=\"150\" height=\"150\" src=\"https:\/\/www.montannispolecnost.cz\/wp-content\/uploads\/2011\/10\/36-150x150.jpg\" class=\"attachment-thumbnail size-thumbnail\" alt=\"\" loading=\"lazy\" \/><\/a>\n\t\t\t<\/dt><\/dl><dl class='gallery-item'>\n\t\t\t<dt class='gallery-icon landscape'>\n\t\t\t\t<a href='https:\/\/www.montannispolecnost.cz\/wp-content\/uploads\/2011\/10\/37.jpg' title=\"\" data-rl_title=\"\" class=\"rl-gallery-link\" data-rl_caption=\"\" data-rel=\"lightbox-gallery-1\"><img width=\"150\" height=\"150\" src=\"https:\/\/www.montannispolecnost.cz\/wp-content\/uploads\/2011\/10\/37-150x150.jpg\" class=\"attachment-thumbnail size-thumbnail\" alt=\"\" loading=\"lazy\" \/><\/a>\n\t\t\t<\/dt><\/dl><br style=\"clear: both\" \/>\n\t\t<\/div>\n\n<p><strong>\u00a0<\/strong><\/p>\n","protected":false},"excerpt":{"rendered":"<p>Historie a sou\u010dasnost Historie t\u011b\u017eby \u017eelezn\u00fdch rud na lo\u017eisku Skalka u Mn\u00ed\u0161ku pod Brdy sah\u00e1 do d\u00e1vn\u00e9 minulosti. Jako prvn\u00ed zde kutali n\u00edzkoprocentn\u00ed oolitickou krevelovou rudu ji\u017e Keltov\u00e9. Nejednalo se samoz\u0159ejm\u011b o hlubinou t\u011b\u017ebu, ruda byla v\u011bt\u0161inou t\u011b\u017eena pouze na v\u00fdchozech &#8211; takzvan\u00fd \u201e\u017eelezn\u00fd klobouk\u201c. Prvn\u00ed dolo\u017een\u00e1 p\u00edsemnost t\u00fdkaj\u00edc\u00ed se hlubinn\u00e9 t\u011b\u017eby poch\u00e1z\u00ed z roku [&hellip;]<\/p>\n","protected":false},"author":1,"featured_media":0,"parent":0,"menu_order":1,"comment_status":"closed","ping_status":"closed","template":"","meta":[],"_links":{"self":[{"href":"https:\/\/www.montannispolecnost.cz\/index.php?rest_route=\/wp\/v2\/pages\/13"}],"collection":[{"href":"https:\/\/www.montannispolecnost.cz\/index.php?rest_route=\/wp\/v2\/pages"}],"about":[{"href":"https:\/\/www.montannispolecnost.cz\/index.php?rest_route=\/wp\/v2\/types\/page"}],"author":[{"embeddable":true,"href":"https:\/\/www.montannispolecnost.cz\/index.php?rest_route=\/wp\/v2\/users\/1"}],"replies":[{"embeddable":true,"href":"https:\/\/www.montannispolecnost.cz\/index.php?rest_route=%2Fwp%2Fv2%2Fcomments&post=13"}],"version-history":[{"count":36,"href":"https:\/\/www.montannispolecnost.cz\/index.php?rest_route=\/wp\/v2\/pages\/13\/revisions"}],"predecessor-version":[{"id":408,"href":"https:\/\/www.montannispolecnost.cz\/index.php?rest_route=\/wp\/v2\/pages\/13\/revisions\/408"}],"wp:attachment":[{"href":"https:\/\/www.montannispolecnost.cz\/index.php?rest_route=%2Fwp%2Fv2%2Fmedia&parent=13"}],"curies":[{"name":"wp","href":"https:\/\/api.w.org\/{rel}","templated":true}]}}