{"id":15,"date":"2011-10-25T18:08:43","date_gmt":"2011-10-25T16:08:43","guid":{"rendered":"http:\/\/127.0.0.1\/montannispolecnost_cz\/?page_id=15"},"modified":"2024-04-08T19:31:59","modified_gmt":"2024-04-08T17:31:59","slug":"kontakt","status":"publish","type":"page","link":"https:\/\/www.montannispolecnost.cz\/?page_id=15","title":{"rendered":"Kontakt"},"content":{"rendered":"<p><strong>Mont\u00e1nn\u00ed spole\u010dnost o. s.<\/strong><\/p>\n<p>s\u00eddlo a po\u0161tovn\u00ed adresa: Nad P\u0159\u00edvozem 9, 807\/9 Praha 4 \u00a0147 00<\/p>\n<p>Jednatel: Igor Gajdu\u0161ek\u00a0&#8211; 603 780 409, <a href=\"mailto:monspol@seznam.cz\">monspol@seznam.cz<\/a>\u00a0\u00a0\u00a0\u00a0\u00a0\u00a0\u00a0\u00a0\u00a0\u00a0\u00a0\u00a0\u00a0\u00a0\u00a0\u00a0\u00a0\u00a0\u00a0\u00a0\u00a0\u00a0\u00a0\u00a0\u00a0\u00a0\u00a0\u00a0\u00a0<\/p>\n<p>I\u010c\u00a026655683,\u00a0\u00a0DI\u010c CZ 26655683<\/p>\n","protected":false},"excerpt":{"rendered":"<p>Mont\u00e1nn\u00ed spole\u010dnost o. s. s\u00eddlo a po\u0161tovn\u00ed adresa: Nad P\u0159\u00edvozem 9, 807\/9 Praha 4 \u00a0147 00 Jednatel: Igor Gajdu\u0161ek\u00a0&#8211; 603 780 409, monspol@seznam.cz\u00a0\u00a0\u00a0\u00a0\u00a0\u00a0\u00a0\u00a0\u00a0\u00a0\u00a0\u00a0\u00a0\u00a0\u00a0\u00a0\u00a0\u00a0\u00a0\u00a0\u00a0\u00a0\u00a0\u00a0\u00a0\u00a0\u00a0\u00a0\u00a0 I\u010c\u00a026655683,\u00a0\u00a0DI\u010c CZ 26655683<\/p>\n","protected":false},"author":1,"featured_media":0,"parent":0,"menu_order":5,"comment_status":"closed","ping_status":"closed","template":"","meta":[],"_links":{"self":[{"href":"https:\/\/www.montannispolecnost.cz\/index.php?rest_route=\/wp\/v2\/pages\/15"}],"collection":[{"href":"https:\/\/www.montannispolecnost.cz\/index.php?rest_route=\/wp\/v2\/pages"}],"about":[{"href":"https:\/\/www.montannispolecnost.cz\/index.php?rest_route=\/wp\/v2\/types\/page"}],"author":[{"embeddable":true,"href":"https:\/\/www.montannispolecnost.cz\/index.php?rest_route=\/wp\/v2\/users\/1"}],"replies":[{"embeddable":true,"href":"https:\/\/www.montannispolecnost.cz\/index.php?rest_route=%2Fwp%2Fv2%2Fcomments&post=15"}],"version-history":[{"count":8,"href":"https:\/\/www.montannispolecnost.cz\/index.php?rest_route=\/wp\/v2\/pages\/15\/revisions"}],"predecessor-version":[{"id":158,"href":"https:\/\/www.montannispolecnost.cz\/index.php?rest_route=\/wp\/v2\/pages\/15\/revisions\/158"}],"wp:attachment":[{"href":"https:\/\/www.montannispolecnost.cz\/index.php?rest_route=%2Fwp%2Fv2%2Fmedia&parent=15"}],"curies":[{"name":"wp","href":"https:\/\/api.w.org\/{rel}","templated":true}]}}