{"id":428,"date":"2018-02-28T20:32:04","date_gmt":"2018-02-28T19:32:04","guid":{"rendered":"http:\/\/www.montannispolecnost.cz\/?page_id=428"},"modified":"2024-04-08T19:31:34","modified_gmt":"2024-04-08T17:31:34","slug":"navsteva-dolu-skalka","status":"publish","type":"page","link":"https:\/\/www.montannispolecnost.cz\/","title":{"rendered":"N\u00e1v\u0161t\u011bva dolu Skalka"},"content":{"rendered":"<p>Pro n\u00e1v\u0161t\u011bvu dolu je nutn\u00e9 se p\u0159edem objednat a domluvit term\u00edn.<\/p>\n<p><img loading=\"lazy\" class=\"alignright size-medium wp-image-379\" src=\"http:\/\/www.montannispolecnost.cz\/wp-content\/uploads\/2011\/10\/07-600x410.jpg\" alt=\"\" width=\"300\" height=\"205\" srcset=\"https:\/\/www.montannispolecnost.cz\/wp-content\/uploads\/2011\/10\/07-600x410.jpg 600w, https:\/\/www.montannispolecnost.cz\/wp-content\/uploads\/2011\/10\/07.jpg 1024w\" sizes=\"(max-width: 300px) 100vw, 300px\" \/><\/p>\n<p>Do objedn\u00e1vky pros\u00edm uve\u010fte po\u010det osob, z d\u016fvodu omezen\u00e9 kapacity d\u016fln\u00edho vlaku. tento po\u010det m\u00edst V\u00e1m budeme rezervovat. Pro usnadn\u011bn\u00ed komunikace pros\u00edm do p\u0159edm\u011btu uve\u010fte slovo &#8222;exkurze&#8220;<\/p>\n<p>Obratem se V\u00e1m ozveme a sd\u011bl\u00edme podrobmosti.<\/p>\n<p>K objedn\u00e1n\u00ed slou\u017e\u00ed pouze tato e -mailov\u00e1 adresa: \u00a0 \u00a0 monspol@seznam. cz\u00a0 po telefonu nem\u016f\u017ee b\u00fdt Va\u0161e objedn\u00e1vka vy\u0159\u00edzena.<br \/>\nT\u011b\u0161\u00ed n\u00e1s V\u00e1\u0161 z\u00e1jem o n\u00e1v\u0161t\u011bvu podzem\u00ed, ale p\u0159edem V\u00e1s mus\u00edm upozornit na skute\u010dnosti s\u00a0n\u00e1v\u0161t\u011bvou souvisej\u00edc\u00ed.<\/p>\n<p>Jsme dozorov\u00e1ni B\u00e1\u0148sk\u00fdm \u00fa\u0159adem, d\u016fln\u00ed d\u00edlo nen\u00ed turistickou atrakc\u00ed, tedy v\u00a0podzem\u00ed je nutno \u0159\u00eddit se dopravn\u00edm a n\u00e1v\u0161t\u011bvn\u00edm \u0159\u00e1dem vych\u00e1zej\u00edc\u00edm z\u00a0b\u00e1\u0148sk\u00e9 legislativy a to bez v\u00fdjimky.<\/p>\n<p>Svezeme v\u00e1s 3km d\u016fln\u00edm vlakem a projdeme asi 1km d\u016fln\u00edch chodeb.<\/p>\n<p>Ka\u017ed\u00fd \u00fa\u010dastn\u00edk mus\u00ed m\u00edt pevnou obuv a oble\u010den\u00ed, u kter\u00e9ho V\u00e1s nebude mrzet, kdy\u017e se p\u0159\u00edpadn\u011b tro\u0161ku uma\u017ee.<\/p>\n<p>V\u00a0podzem\u00ed je teplota 11\u00b0C, vysok\u00e1 vlhkost a prohl\u00eddka trv\u00e1 v\u00edce jak 2 hodiny, oble\u010dte se proto tepleji.<\/p>\n<p>Nutn\u00e1 je i ochrann\u00e1 p\u0159ilba, kterou m\u016f\u017eeme na m\u00edst\u011b zap\u016fj\u010dit.<\/p>\n<p><strong>Maxim\u00e1ln\u00ed po\u010det n\u00e1v\u0161t\u011bvn\u00edk\u016f je 24 osob v\u00a0jedn\u00e9 skupin\u011b.<\/strong><\/p>\n<p>Je zak\u00e1z\u00e1no vstupovat do dolu v\u00a0podnapil\u00e9m stavu, konzumovat zde alkohol a kou\u0159it.<\/p>\n<p>Je bezpodm\u00edne\u010dn\u011b nutn\u00e9 db\u00e1t v\u0161ech pokyn\u016f pr\u016fvodce.<\/p>\n<p>Do podzem\u00ed nen\u00ed vhodn\u00e9 br\u00e1t s\u00a0sebou d\u011bti a zv\u00ed\u0159ata.<\/p>\n<p>Pro osoby trp\u00edc\u00ed strachem ze tmy a st\u00edsn\u011bn\u00fdch prostor (klaustrofobie) nen\u00ed n\u00e1v\u0161t\u011bva vhodn\u00e1.<\/p>\n<p><a href=\"http:\/\/www.montannispolecnost.cz\/wp-content\/uploads\/2011\/10\/08.jpg\" data-rel=\"lightbox-image-0\" data-rl_title=\"\" data-rl_caption=\"\" title=\"\"><img loading=\"lazy\" class=\"alignleft size-medium wp-image-380\" src=\"http:\/\/www.montannispolecnost.cz\/wp-content\/uploads\/2011\/10\/08-600x410.jpg\" alt=\"\" width=\"300\" height=\"205\" srcset=\"https:\/\/www.montannispolecnost.cz\/wp-content\/uploads\/2011\/10\/08-600x410.jpg 600w, https:\/\/www.montannispolecnost.cz\/wp-content\/uploads\/2011\/10\/08.jpg 1024w\" sizes=\"(max-width: 300px) 100vw, 300px\" \/><\/a>V\u00a0podzem\u00ed ani v\u00a0are\u00e1lu nen\u00ed toaleta.<\/p>\n<p>Sraz p\u0159ed prohl\u00eddkou je v domluven\u00fd \u010das na velk\u00e9m parkovi\u0161ti naproti Kovohut\u00ed Mn\u00ed\u0161ek p\u0159ez silkici, tam si pro V\u00e1s p\u0159ijde pr\u016fvodce. <strong>Nevstupujte pros\u00edm samostatn\u011b do vr\u00e1tnice ani are\u00e1lu!<\/strong><\/p>\n<p>Pros\u00edm potvr\u010fte mi Va\u0161\u00ed \u00fa\u010dast a uve\u010fte po\u010det osob, je to d\u016fle\u017eit\u00e9 z\u00a0hlediska kapacity d\u016fln\u00edho vlaku.<\/p>\n<p>P\u0159i nep\u0159\u00edzniv\u00fdch okolnostech si vyhrazujeme pr\u00e1vo na zm\u011bnu term\u00ednu n\u00e1v\u0161t\u011bvy, z\u00a0tohoto d\u016fvodu pros\u00edm uve\u010fte Va\u0161e tel.\u010d\u00edslo.<\/p>\n<p>D\u011bkuji za pochopen\u00ed a t\u011b\u0161\u00edme se na setk\u00e1n\u00ed s\u00a0V\u00e1mi.<\/p>\n<p>Igor Gajdu\u0161ek<\/p>\n","protected":false},"excerpt":{"rendered":"<p>Pro n\u00e1v\u0161t\u011bvu dolu je nutn\u00e9 se p\u0159edem objednat a domluvit term\u00edn. Do objedn\u00e1vky pros\u00edm uve\u010fte po\u010det osob, z d\u016fvodu omezen\u00e9 kapacity d\u016fln\u00edho vlaku. tento po\u010det m\u00edst V\u00e1m budeme rezervovat. Pro usnadn\u011bn\u00ed komunikace pros\u00edm do p\u0159edm\u011btu uve\u010fte slovo &#8222;exkurze&#8220; Obratem se V\u00e1m ozveme a sd\u011bl\u00edme podrobmosti. K objedn\u00e1n\u00ed slou\u017e\u00ed pouze tato e -mailov\u00e1 adresa: \u00a0 \u00a0 [&hellip;]<\/p>\n","protected":false},"author":1,"featured_media":0,"parent":13,"menu_order":2,"comment_status":"closed","ping_status":"closed","template":"","meta":[],"_links":{"self":[{"href":"https:\/\/www.montannispolecnost.cz\/index.php?rest_route=\/wp\/v2\/pages\/428"}],"collection":[{"href":"https:\/\/www.montannispolecnost.cz\/index.php?rest_route=\/wp\/v2\/pages"}],"about":[{"href":"https:\/\/www.montannispolecnost.cz\/index.php?rest_route=\/wp\/v2\/types\/page"}],"author":[{"embeddable":true,"href":"https:\/\/www.montannispolecnost.cz\/index.php?rest_route=\/wp\/v2\/users\/1"}],"replies":[{"embeddable":true,"href":"https:\/\/www.montannispolecnost.cz\/index.php?rest_route=%2Fwp%2Fv2%2Fcomments&post=428"}],"version-history":[{"count":5,"href":"https:\/\/www.montannispolecnost.cz\/index.php?rest_route=\/wp\/v2\/pages\/428\/revisions"}],"predecessor-version":[{"id":448,"href":"https:\/\/www.montannispolecnost.cz\/index.php?rest_route=\/wp\/v2\/pages\/428\/revisions\/448"}],"up":[{"embeddable":true,"href":"https:\/\/www.montannispolecnost.cz\/index.php?rest_route=\/wp\/v2\/pages\/13"}],"wp:attachment":[{"href":"https:\/\/www.montannispolecnost.cz\/index.php?rest_route=%2Fwp%2Fv2%2Fmedia&parent=428"}],"curies":[{"name":"wp","href":"https:\/\/api.w.org\/{rel}","templated":true}]}}