{"id":490,"date":"2024-04-08T19:34:24","date_gmt":"2024-04-08T17:34:24","guid":{"rendered":"https:\/\/www.montannispolecnost.cz\/?page_id=490"},"modified":"2024-04-08T19:39:09","modified_gmt":"2024-04-08T17:39:09","slug":"hornictvi-v-cr","status":"publish","type":"page","link":"https:\/\/www.montannispolecnost.cz\/?page_id=490","title":{"rendered":"Hornictv\u00ed v \u010cR"},"content":{"rendered":"\n<p>Mont\u00e1nn\u00ed spole\u010dnost se krom\u011b mise z\u00e1chrany technick\u00fdch pam\u00e1tek v \u010cR v\u011bnuje t\u00e9\u017e edukaci ve\u0159ejnosti o v\u00fdznamu hornictv\u00ed v historii na\u0161\u00ed zem\u011b. Sta\u010d\u00ed se rozhl\u00e9dnout kolem sebe, co v\u0161e je vyrobeno z nerostn\u00e9ho bohatstv\u00ed a denn\u011b to vyu\u017e\u00edv\u00e1me. Na hornick\u00e9 profese je d\u00edky modern\u00ed historii nahl\u00ed\u017eeno s jak\u00fdmsi despektem, p\u0159itom jejich tvrd\u00e1 a nebezpe\u010dn\u00e1 pr\u00e1ce p\u0159inesla mnoh\u00e9 z benefit\u016f na\u0161\u00ed doby. Tvorbou vide\u00ed se sna\u017e\u00edme zachytit atmosf\u00e9ru podzemn\u00edho sv\u011bta a uk\u00e1zat na konkr\u00e9tn\u00edch p\u0159\u00edkladech jednotliv\u00e9 aspekty nelehk\u00e9 hornick\u00e9 pr\u00e1ce v historii. V sou\u010dasnosti mnoho d\u016fln\u00edch d\u011bl ch\u00e1tr\u00e1 a miz\u00ed. Zaznamen\u00e1v\u00e1n\u00edm t\u011bchto \u010dasto \u00fa\u017easn\u00fdch podzemn\u00edch prostor pomoc\u00ed obrazov\u00fdch materi\u00e1l\u016f chceme zachovat toto d\u011bdictv\u00ed pro dal\u0161\u00ed generace.<\/p>\n\n\n\n<figure class=\"wp-block-embed is-type-video is-provider-vimeo wp-block-embed-vimeo wp-embed-aspect-16-9 wp-has-aspect-ratio\"><div class=\"wp-block-embed__wrapper\">\n<iframe title=\"Ud\u00e1lost v podzem\u00ed\" src=\"https:\/\/player.vimeo.com\/video\/930570471?dnt=1&amp;app_id=122963\" width=\"500\" height=\"281\" frameborder=\"0\" allow=\"autoplay; fullscreen; picture-in-picture; clipboard-write\"><\/iframe>\n<\/div><\/figure>\n\n\n\n<figure class=\"wp-block-embed is-type-video is-provider-vimeo wp-block-embed-vimeo wp-embed-aspect-16-9 wp-has-aspect-ratio\"><div class=\"wp-block-embed__wrapper\">\n<iframe title=\"Hornik_15stol\" src=\"https:\/\/player.vimeo.com\/video\/930570781?dnt=1&amp;app_id=122963\" width=\"500\" height=\"281\" frameborder=\"0\" allow=\"autoplay; fullscreen; picture-in-picture; clipboard-write\"><\/iframe>\n<\/div><\/figure>\n\n\n\n<figure class=\"wp-block-embed is-type-video is-provider-vimeo wp-block-embed-vimeo wp-embed-aspect-16-9 wp-has-aspect-ratio\"><div class=\"wp-block-embed__wrapper\">\n<iframe title=\"Dynamit\" src=\"https:\/\/player.vimeo.com\/video\/930570829?dnt=1&amp;app_id=122963\" width=\"500\" height=\"281\" frameborder=\"0\" allow=\"autoplay; fullscreen; picture-in-picture; clipboard-write\"><\/iframe>\n<\/div><\/figure>\n","protected":false},"excerpt":{"rendered":"<p>Mont\u00e1nn\u00ed spole\u010dnost se krom\u011b mise z\u00e1chrany technick\u00fdch pam\u00e1tek v \u010cR v\u011bnuje t\u00e9\u017e edukaci ve\u0159ejnosti o v\u00fdznamu hornictv\u00ed v historii na\u0161\u00ed zem\u011b. Sta\u010d\u00ed se rozhl\u00e9dnout kolem sebe, co v\u0161e je vyrobeno z nerostn\u00e9ho bohatstv\u00ed a denn\u011b to vyu\u017e\u00edv\u00e1me. Na hornick\u00e9 profese je d\u00edky modern\u00ed historii nahl\u00ed\u017eeno s jak\u00fdmsi despektem, p\u0159itom jejich tvrd\u00e1 a nebezpe\u010dn\u00e1 pr\u00e1ce p\u0159inesla [&hellip;]<\/p>\n","protected":false},"author":1,"featured_media":0,"parent":0,"menu_order":0,"comment_status":"closed","ping_status":"closed","template":"","meta":[],"_links":{"self":[{"href":"https:\/\/www.montannispolecnost.cz\/index.php?rest_route=\/wp\/v2\/pages\/490"}],"collection":[{"href":"https:\/\/www.montannispolecnost.cz\/index.php?rest_route=\/wp\/v2\/pages"}],"about":[{"href":"https:\/\/www.montannispolecnost.cz\/index.php?rest_route=\/wp\/v2\/types\/page"}],"author":[{"embeddable":true,"href":"https:\/\/www.montannispolecnost.cz\/index.php?rest_route=\/wp\/v2\/users\/1"}],"replies":[{"embeddable":true,"href":"https:\/\/www.montannispolecnost.cz\/index.php?rest_route=%2Fwp%2Fv2%2Fcomments&post=490"}],"version-history":[{"count":3,"href":"https:\/\/www.montannispolecnost.cz\/index.php?rest_route=\/wp\/v2\/pages\/490\/revisions"}],"predecessor-version":[{"id":495,"href":"https:\/\/www.montannispolecnost.cz\/index.php?rest_route=\/wp\/v2\/pages\/490\/revisions\/495"}],"wp:attachment":[{"href":"https:\/\/www.montannispolecnost.cz\/index.php?rest_route=%2Fwp%2Fv2%2Fmedia&parent=490"}],"curies":[{"name":"wp","href":"https:\/\/api.w.org\/{rel}","templated":true}]}}